{"id":1020,"date":"2026-04-09T11:25:23","date_gmt":"2026-04-09T08:25:23","guid":{"rendered":"https:\/\/velox-rentals.com\/?page_id=1020"},"modified":"2026-04-09T11:53:07","modified_gmt":"2026-04-09T08:53:07","slug":"kefalonia-cruise-scooter-rental","status":"publish","type":"page","link":"https:\/\/velox-rentals.com\/it\/kefalonia-cruise-scooter-rental\/","title":{"rendered":"Cruise Guests"},"content":{"rendered":"<div data-elementor-type=\"wp-page\" data-elementor-id=\"1020\" class=\"elementor elementor-1020\" data-elementor-post-type=\"page\">\n\t\t\t\t<div class=\"elementor-element elementor-element-6584ea3 e-flex e-con-boxed e-con e-parent\" data-id=\"6584ea3\" data-element_type=\"container\" data-e-type=\"container\">\n\t\t\t\t\t<div class=\"e-con-inner\">\n\t\t\t\t<div class=\"elementor-element elementor-element-84ddfb0 elementor-widget elementor-widget-heading\" data-id=\"84ddfb0\" data-element_type=\"widget\" data-e-type=\"widget\" data-widget_type=\"heading.default\">\n\t\t\t\t<div class=\"elementor-widget-container\">\n\t\t\t\t\t<h2 class=\"elementor-heading-title elementor-size-default\">Arrivi a Cefalonia con una nave da crociera?<\/h2>\t\t\t\t<\/div>\n\t\t\t\t<\/div>\n\t\t\t\t<div class=\"elementor-element elementor-element-e4a3183 elementor-widget elementor-widget-text-editor\" data-id=\"e4a3183\" data-element_type=\"widget\" data-e-type=\"widget\" data-widget_type=\"text-editor.default\">\n\t\t\t\t<div class=\"elementor-widget-container\">\n\t\t\t\t\t\t\t\t\t<p>Sfrutta al massimo il tuo tempo a Cefalonia con un noleggio scooter facile e veloce direttamente dal porto di Argostoli. Velox Rentals offre una soluzione affidabile per i passeggeri delle navi da crociera che vogliono esplorare l\u2019isola senza perdere tempo. Evita autobus affollati e taxi costosi. Con il tuo scooter puoi scoprire Cefalonia al tuo ritmo e visitare le principali attrazioni anche in poche ore.<\/p>\t\t\t\t\t\t\t\t<\/div>\n\t\t\t\t<\/div>\n\t\t\t\t\t<\/div>\n\t\t\t\t<\/div>\n\t\t<div class=\"elementor-element elementor-element-45a3e75 e-flex e-con-boxed e-con e-parent\" data-id=\"45a3e75\" data-element_type=\"container\" data-e-type=\"container\" data-settings=\"{&quot;background_background&quot;:&quot;classic&quot;}\">\n\t\t\t\t\t<div class=\"e-con-inner\">\n\t\t<div class=\"elementor-element elementor-element-044cd2a e-flex e-con-boxed e-con e-child\" data-id=\"044cd2a\" data-element_type=\"container\" data-e-type=\"container\" data-settings=\"{&quot;background_background&quot;:&quot;classic&quot;}\">\n\t\t\t\t\t<div class=\"e-con-inner\">\n\t\t\t\t\t<\/div>\n\t\t\t\t<\/div>\n\t\t<div class=\"elementor-element elementor-element-a352ce4 e-flex e-con-boxed e-con e-child\" data-id=\"a352ce4\" data-element_type=\"container\" data-e-type=\"container\">\n\t\t\t\t\t<div class=\"e-con-inner\">\n\t\t\t\t<div class=\"elementor-element elementor-element-354e435 elementor-widget elementor-widget-heading\" data-id=\"354e435\" data-element_type=\"widget\" data-e-type=\"widget\" data-widget_type=\"heading.default\">\n\t\t\t\t<div class=\"elementor-widget-container\">\n\t\t\t\t\t<h3 class=\"elementor-heading-title elementor-size-default\">Noleggio scooter al porto di Argostoli<\/h3>\t\t\t\t<\/div>\n\t\t\t\t<\/div>\n\t\t\t\t<div class=\"elementor-element elementor-element-95ffbb2 elementor-widget elementor-widget-text-editor\" data-id=\"95ffbb2\" data-element_type=\"widget\" data-e-type=\"widget\" data-widget_type=\"text-editor.default\">\n\t\t\t\t<div class=\"elementor-widget-container\">\n\t\t\t\t\t\t\t\t\t<p>Offriamo servizio di noleggio scooter direttamente al porto di Argostoli, il principale porto crocieristico di Cefalonia. Il nostro team ti incontra vicino alla nave per partire subito.<\/p><ul><li>Ritiro diretto al porto<\/li><li>Nessuna attesa<\/li><li>Procedura semplice e veloce<\/li><li>Ideale per passeggeri di crociera<\/li><\/ul>\t\t\t\t\t\t\t\t<\/div>\n\t\t\t\t<\/div>\n\t\t\t\t\t<\/div>\n\t\t\t\t<\/div>\n\t\t\t\t\t<\/div>\n\t\t\t\t<\/div>\n\t\t<div class=\"elementor-element elementor-element-d30a161 e-flex e-con-boxed e-con e-parent\" data-id=\"d30a161\" data-element_type=\"container\" data-e-type=\"container\">\n\t\t\t\t\t<div class=\"e-con-inner\">\n\t\t<div class=\"elementor-element elementor-element-015d8f0 e-flex e-con-boxed e-con e-child\" data-id=\"015d8f0\" data-element_type=\"container\" data-e-type=\"container\" data-settings=\"{&quot;background_background&quot;:&quot;classic&quot;}\">\n\t\t\t\t\t<div class=\"e-con-inner\">\n\t\t\t\t\t<\/div>\n\t\t\t\t<\/div>\n\t\t<div class=\"elementor-element elementor-element-3ff181d e-flex e-con-boxed e-con e-child\" data-id=\"3ff181d\" data-element_type=\"container\" data-e-type=\"container\">\n\t\t\t\t\t<div class=\"e-con-inner\">\n\t\t\t\t<div class=\"elementor-element elementor-element-b862ab0 elementor-widget elementor-widget-heading\" data-id=\"b862ab0\" data-element_type=\"widget\" data-e-type=\"widget\" data-widget_type=\"heading.default\">\n\t\t\t\t<div class=\"elementor-widget-container\">\n\t\t\t\t\t<h3 class=\"elementor-heading-title elementor-size-default\">Esplora Cefalonia in poche ore<\/h3>\t\t\t\t<\/div>\n\t\t\t\t<\/div>\n\t\t\t\t<div class=\"elementor-element elementor-element-7543ce2 elementor-widget elementor-widget-text-editor\" data-id=\"7543ce2\" data-element_type=\"widget\" data-e-type=\"widget\" data-widget_type=\"text-editor.default\">\n\t\t\t\t<div class=\"elementor-widget-container\">\n\t\t\t\t\t\t\t\t\t<p>Con uno scooter puoi visitare facilmente:<\/p><ul><li>Argostoli, Katavothres, Faro di San Teodoro, Ponte De Bosset<\/li><li>Spiaggia di Myrtos<\/li><li>Lago di Melissani e Grotta di Drogarati<\/li><li>Strade costiere e villaggi tradizionali. Ti suggeriamo percorsi in base al tempo a disposizione.<\/li><\/ul>\t\t\t\t\t\t\t\t<\/div>\n\t\t\t\t<\/div>\n\t\t\t\t\t<\/div>\n\t\t\t\t<\/div>\n\t\t\t\t\t<\/div>\n\t\t\t\t<\/div>\n\t\t<div class=\"elementor-element elementor-element-3e0afaf e-grid e-con-boxed e-con e-parent\" data-id=\"3e0afaf\" data-element_type=\"container\" data-e-type=\"container\">\n\t\t\t\t\t<div class=\"e-con-inner\">\n\t\t<div class=\"elementor-element elementor-element-6bb9cc3 e-flex e-con-boxed e-con e-child\" data-id=\"6bb9cc3\" data-element_type=\"container\" data-e-type=\"container\" data-settings=\"{&quot;background_background&quot;:&quot;classic&quot;}\">\n\t\t\t\t\t<div class=\"e-con-inner\">\n\t\t\t\t<div class=\"elementor-element elementor-element-a256742 elementor-view-default elementor-widget elementor-widget-icon\" data-id=\"a256742\" data-element_type=\"widget\" data-e-type=\"widget\" data-widget_type=\"icon.default\">\n\t\t\t\t<div class=\"elementor-widget-container\">\n\t\t\t\t\t\t\t<div class=\"elementor-icon-wrapper\">\n\t\t\t<div class=\"elementor-icon\">\n\t\t\t<svg aria-hidden=\"true\" class=\"e-font-icon-svg e-far-star\" viewbox=\"0 0 576 512\" xmlns=\"http:\/\/www.w3.org\/2000\/svg\"><path d=\"M528.1 171.5L382 150.2 316.7 17.8c-11.7-23.6-45.6-23.9-57.4 0L194 150.2 47.9 171.5c-26.2 3.8-36.7 36.1-17.7 54.6l105.7 103-25 145.5c-4.5 26.3 23.2 46 46.4 33.7L288 439.6l130.7 68.7c23.2 12.2 50.9-7.4 46.4-33.7l-25-145.5 105.7-103c19-18.5 8.5-50.8-17.7-54.6zM388.6 312.3l23.7 138.4L288 385.4l-124.3 65.3 23.7-138.4-100.6-98 139-20.2 62.2-126 62.2 126 139 20.2-100.6 98z\"><\/path><\/svg>\t\t\t<\/div>\n\t\t<\/div>\n\t\t\t\t\t\t<\/div>\n\t\t\t\t<\/div>\n\t\t\t\t<div class=\"elementor-element elementor-element-e69f816 elementor-widget elementor-widget-heading\" data-id=\"e69f816\" data-element_type=\"widget\" data-e-type=\"widget\" data-widget_type=\"heading.default\">\n\t\t\t\t<div class=\"elementor-widget-container\">\n\t\t\t\t\t<h3 class=\"elementor-heading-title elementor-size-default\">Perfetto per soste brevi<\/h3>\t\t\t\t<\/div>\n\t\t\t\t<\/div>\n\t\t\t\t<div class=\"elementor-element elementor-element-6676535 elementor-widget elementor-widget-text-editor\" data-id=\"6676535\" data-element_type=\"widget\" data-e-type=\"widget\" data-widget_type=\"text-editor.default\">\n\t\t\t\t<div class=\"elementor-widget-container\">\n\t\t\t\t\t\t\t\t\t<p>Il nostro servizio \u00e8 pensato per chi ha poco tempo. Che tu abbia poche ore o un\u2019intera giornata, garantiamo un\u2019esperienza semplice e senza stress.<\/p><p>Ci assicuriamo sempre che tu torni in tempo prima della partenza della nave.<\/p>\t\t\t\t\t\t\t\t<\/div>\n\t\t\t\t<\/div>\n\t\t\t\t\t<\/div>\n\t\t\t\t<\/div>\n\t\t<div class=\"elementor-element elementor-element-0bfea2a e-flex e-con-boxed e-con e-child\" data-id=\"0bfea2a\" data-element_type=\"container\" data-e-type=\"container\" data-settings=\"{&quot;background_background&quot;:&quot;classic&quot;}\">\n\t\t\t\t\t<div class=\"e-con-inner\">\n\t\t\t\t<div class=\"elementor-element elementor-element-02dbd0c elementor-view-default elementor-widget elementor-widget-icon\" data-id=\"02dbd0c\" data-element_type=\"widget\" data-e-type=\"widget\" data-widget_type=\"icon.default\">\n\t\t\t\t<div class=\"elementor-widget-container\">\n\t\t\t\t\t\t\t<div class=\"elementor-icon-wrapper\">\n\t\t\t<div class=\"elementor-icon\">\n\t\t\t<svg aria-hidden=\"true\" class=\"e-font-icon-svg e-far-star\" viewbox=\"0 0 576 512\" xmlns=\"http:\/\/www.w3.org\/2000\/svg\"><path d=\"M528.1 171.5L382 150.2 316.7 17.8c-11.7-23.6-45.6-23.9-57.4 0L194 150.2 47.9 171.5c-26.2 3.8-36.7 36.1-17.7 54.6l105.7 103-25 145.5c-4.5 26.3 23.2 46 46.4 33.7L288 439.6l130.7 68.7c23.2 12.2 50.9-7.4 46.4-33.7l-25-145.5 105.7-103c19-18.5 8.5-50.8-17.7-54.6zM388.6 312.3l23.7 138.4L288 385.4l-124.3 65.3 23.7-138.4-100.6-98 139-20.2 62.2-126 62.2 126 139 20.2-100.6 98z\"><\/path><\/svg>\t\t\t<\/div>\n\t\t<\/div>\n\t\t\t\t\t\t<\/div>\n\t\t\t\t<\/div>\n\t\t\t\t<div class=\"elementor-element elementor-element-d320363 elementor-widget elementor-widget-heading\" data-id=\"d320363\" data-element_type=\"widget\" data-e-type=\"widget\" data-widget_type=\"heading.default\">\n\t\t\t\t<div class=\"elementor-widget-container\">\n\t\t\t\t\t<h2 class=\"elementor-heading-title elementor-size-default\">Noleggio sicuro e affidabile<\/h2>\t\t\t\t<\/div>\n\t\t\t\t<\/div>\n\t\t\t\t<div class=\"elementor-element elementor-element-d520a40 elementor-widget elementor-widget-text-editor\" data-id=\"d520a40\" data-element_type=\"widget\" data-e-type=\"widget\" data-widget_type=\"text-editor.default\">\n\t\t\t\t<div class=\"elementor-widget-container\">\n\t\t\t\t\t\t\t\t\t<p>Con Velox Rentals sono inclusi:<\/p><p>Assicurazione<br \/>Caschi<br \/>Assistenza<br \/>Consigli locali<\/p>\t\t\t\t\t\t\t\t<\/div>\n\t\t\t\t<\/div>\n\t\t\t\t\t<\/div>\n\t\t\t\t<\/div>\n\t\t\t\t\t<\/div>\n\t\t\t\t<\/div>\n\t\t<div class=\"elementor-element elementor-element-58d6e08 e-flex e-con-boxed e-con e-parent\" data-id=\"58d6e08\" data-element_type=\"container\" data-e-type=\"container\">\n\t\t\t\t\t<div class=\"e-con-inner\">\n\t\t\t\t<div class=\"elementor-element elementor-element-5349148 elementor-widget elementor-widget-heading\" data-id=\"5349148\" data-element_type=\"widget\" data-e-type=\"widget\" data-widget_type=\"heading.default\">\n\t\t\t\t<div class=\"elementor-widget-container\">\n\t\t\t\t\t<h2 class=\"elementor-heading-title elementor-size-default\">\u00c8 possibile effettuare la prenotazione il giorno prima dell\u2019arrivo.<\/h2>\t\t\t\t<\/div>\n\t\t\t\t<\/div>\n\t\t\t\t<div class=\"elementor-element elementor-element-44710a6 elementor-widget elementor-widget-text-editor\" data-id=\"44710a6\" data-element_type=\"widget\" data-e-type=\"widget\" data-widget_type=\"text-editor.default\">\n\t\t\t\t<div class=\"elementor-widget-container\">\n\t\t\t\t\t\t\t\t\t<p>Cefalonia \u00e8 una destinazione molto popolare per le crociere e la disponibilit\u00e0 pu\u00f2 variare, soprattutto durante l\u2019estate. Tuttavia, \u00e8 possibile prenotare facilmente il proprio scooter il giorno prima, per un servizio immediato al porto.<\/p><p>Effettua la prenotazione online e inizia a esplorare non appena arrivi.<\/p>\t\t\t\t\t\t\t\t<\/div>\n\t\t\t\t<\/div>\n\t\t\t\t\t<\/div>\n\t\t\t\t<\/div>\n\t\t\t\t<\/div>","protected":false},"excerpt":{"rendered":"<p>Arriving in Kefalonia by Cruise Ship? Make the most of your time in Kefalonia with a fast and easy scooter rental directly from Argostoli port. Velox Rentals offers a reliable solution for cruise ship passengers who want to explore the island without delays. Avoid crowded buses and expensive taxis. With your own scooter, you can&hellip;<\/p>","protected":false},"author":1,"featured_media":299,"parent":0,"menu_order":0,"comment_status":"closed","ping_status":"closed","template":"","meta":{"footnotes":""},"class_list":["post-1020","page","type-page","status-publish","has-post-thumbnail","hentry","entry","has-media"],"_links":{"self":[{"href":"https:\/\/velox-rentals.com\/it\/wp-json\/wp\/v2\/pages\/1020","targetHints":{"allow":["GET"]}}],"collection":[{"href":"https:\/\/velox-rentals.com\/it\/wp-json\/wp\/v2\/pages"}],"about":[{"href":"https:\/\/velox-rentals.com\/it\/wp-json\/wp\/v2\/types\/page"}],"author":[{"embeddable":true,"href":"https:\/\/velox-rentals.com\/it\/wp-json\/wp\/v2\/users\/1"}],"replies":[{"embeddable":true,"href":"https:\/\/velox-rentals.com\/it\/wp-json\/wp\/v2\/comments?post=1020"}],"version-history":[{"count":5,"href":"https:\/\/velox-rentals.com\/it\/wp-json\/wp\/v2\/pages\/1020\/revisions"}],"predecessor-version":[{"id":1046,"href":"https:\/\/velox-rentals.com\/it\/wp-json\/wp\/v2\/pages\/1020\/revisions\/1046"}],"wp:featuredmedia":[{"embeddable":true,"href":"https:\/\/velox-rentals.com\/it\/wp-json\/wp\/v2\/media\/299"}],"wp:attachment":[{"href":"https:\/\/velox-rentals.com\/it\/wp-json\/wp\/v2\/media?parent=1020"}],"curies":[{"name":"wp","href":"https:\/\/api.w.org\/{rel}","templated":true}]}}